{"id":3331,"date":"2020-11-25T07:14:42","date_gmt":"2020-11-25T10:14:42","guid":{"rendered":"http:\/\/apw-uruguay.softmare.com\/?page_id=3331"},"modified":"2021-01-27T05:40:12","modified_gmt":"2021-01-27T08:40:12","slug":"servicios","status":"publish","type":"page","link":"https:\/\/www.apwuruguay.com\/es\/servicios\/","title":{"rendered":"SERVICIOS"},"content":{"rendered":"\n<h2>Nuestros servicios<\/h2>\n\n\n\n&nbsp;\n\n\n\n<p>Nuestra esencia es la preservaci\u00f3n y el crecimiento del patrimonio de nuestros clientes.<\/p>\n\n\n\n&nbsp;\n\n\n\n<p>En APW creemos que cada cliente es \u00fanico. Nos esforzamos por ofrecer las mejores soluciones para nuestros clientes mientras nos aseguramos de que su patrimonio se preserve.<\/p>\n\n\n\n&nbsp;\n\n\n\n<h2>Nuestra prioridad<\/h2>\n\n\n\n&nbsp;\n\n\n\n<p>En APW queremos establecer una relaci\u00f3n duradera, basada en la confianza. Nuestros gestores deben tener una gran experiencia t\u00e9cnica, pero sus cualidades humanas son igual de vitales. Deben ser buenos oyentes, ganarse la confianza de los clientes y prestar los mejores servicios.<\/p>\n\n\n\n&nbsp;\n\n\n\n<h2>Soluci\u00f3n a medida<\/h2>\n\n\n\n&nbsp;\n\n\n\n<p>Nuestro objetivo es ofrecer soluciones personalizadas para todo tipo de mandatos de inversi\u00f3n, a trav\u00e9s de una detallada definici\u00f3n de las necesidades y objetivos de nuestros clientes, su horizonte de inversi\u00f3n, la tolerancia al riesgo y los requisitos de liquidez. Redefinimos y ajustamos continuamente las carteras de nuestros clientes para asegurarnos de que la estrategia de inversi\u00f3n implementada sigue correspondiendo con sus preferencias y situaci\u00f3n personal, y la adaptamos en consecuencia.<\/p>\n\n\n\n&nbsp;\n\n\n\n<h2>Nuestra oferta<\/h2>\n\n\n\n&nbsp;\n\n\n\n<p>Como gestora independiente de activos globales, los servicios de APW abarcan mucho m\u00e1s que la simple selecci\u00f3n de inversiones financieras. Nuestro enfoque de arquitectura abierta permite a nuestros clientes acceder a los mejores socios, a los expertos m\u00e1s calificados y a una amplia selecci\u00f3n de especialistas en \u00e1reas cr\u00edticas como productos de inversi\u00f3n, custodia, planificaci\u00f3n patrimonial, filantrop\u00eda o banca de arte.<\/p>\n\n\n\n&nbsp;\n\n\n\n<p>En particular, pero sin limitarse a ello, ya que APW ofrece acceso a los principales centros bancarios mundiales, lo que permite una diversificaci\u00f3n de la custodia y la jurisdicci\u00f3n para satisfacer mejor las necesidades y objetivos de nuestros clientes.<\/p>\n\n\n\n&nbsp;\n\n\n\n<p>APW est\u00e1 regulada por las leyes uruguayas y observa las mismas normas de privacidad que los bancos uruguayos, asegurando a su base de clientes la confidencialidad necesaria para construir una relaci\u00f3n duradera basada en la confianza mutua.<\/p>\n","protected":false},"excerpt":{"rendered":"<p>Nuestros servicios &nbsp; Nuestra esencia es la preservaci\u00f3n y el crecimiento del patrimonio de nuestros clientes. &nbsp; En APW creemos que cada cliente es \u00fanico. Nos esforzamos por ofrecer las mejores soluciones para nuestros clientes mientras nos aseguramos de que su patrimonio se preserve. &nbsp; Nuestra prioridad &nbsp; En APW queremos establecer una relaci\u00f3n duradera, [&hellip;]<\/p>\n","protected":false},"author":2,"featured_media":3388,"parent":0,"menu_order":0,"comment_status":"closed","ping_status":"closed","template":"","meta":{"_acf_changed":false,"footnotes":""},"class_list":["post-3331","page","type-page","status-publish","has-post-thumbnail","hentry"],"acf":[],"_links":{"self":[{"href":"https:\/\/www.apwuruguay.com\/es\/wp-json\/wp\/v2\/pages\/3331"}],"collection":[{"href":"https:\/\/www.apwuruguay.com\/es\/wp-json\/wp\/v2\/pages"}],"about":[{"href":"https:\/\/www.apwuruguay.com\/es\/wp-json\/wp\/v2\/types\/page"}],"author":[{"embeddable":true,"href":"https:\/\/www.apwuruguay.com\/es\/wp-json\/wp\/v2\/users\/2"}],"replies":[{"embeddable":true,"href":"https:\/\/www.apwuruguay.com\/es\/wp-json\/wp\/v2\/comments?post=3331"}],"version-history":[{"count":5,"href":"https:\/\/www.apwuruguay.com\/es\/wp-json\/wp\/v2\/pages\/3331\/revisions"}],"predecessor-version":[{"id":3450,"href":"https:\/\/www.apwuruguay.com\/es\/wp-json\/wp\/v2\/pages\/3331\/revisions\/3450"}],"wp:featuredmedia":[{"embeddable":true,"href":"https:\/\/www.apwuruguay.com\/es\/wp-json\/wp\/v2\/media\/3388"}],"wp:attachment":[{"href":"https:\/\/www.apwuruguay.com\/es\/wp-json\/wp\/v2\/media?parent=3331"}],"curies":[{"name":"wp","href":"https:\/\/api.w.org\/{rel}","templated":true}]}}