{"id":3336,"date":"2020-11-25T08:05:05","date_gmt":"2020-11-25T11:05:05","guid":{"rendered":"http:\/\/apw-uruguay.softmare.com\/?page_id=3336"},"modified":"2021-01-27T05:42:36","modified_gmt":"2021-01-27T08:42:36","slug":"sobre-nosotros","status":"publish","type":"page","link":"https:\/\/www.apwuruguay.com\/es\/sobre-nosotros\/","title":{"rendered":"SOBRE NOSOTROS"},"content":{"rendered":"\n<h2>Nuestra misi\u00f3n<\/h2>\n\n\n\n&nbsp;\n\n\n\n<p>APW es un asesor financiero global independiente cuya \u00fanica actividad es la gesti\u00f3n patrimonial de clientes uruguayos e internacionales.<\/p>\n\n\n\n&nbsp;\n\n\n\n<p>La confianza de nuestros clientes se ha ido adquiriendo con el tiempo y se ha ganado sobre la base de una entrega constante de los mejores resultados. Nos esforzamos por seguir ofreciendo las mejores soluciones para continuar con su apoyo d\u00eda tras d\u00eda y mantenernos en el mercado altamente competitivo de los servicios financieros.<\/p>\n\n\n\n&nbsp;\n\n\n\n<p>Nuestros valores fundamentales nos gu\u00edan hacia el principal objetivo de la entidad: preservar y hacer crecer el patrimonio de nuestros clientes.<\/p>\n\n\n\n&nbsp;\n\n\n\n<h2>Nuestros valores<\/h2>\n\n\n\n&nbsp;\n\n\n\n<p>Independencia: Como gestores de patrimonios estamos libres de cualquier influencia de los bancos, administradores de fondos o cualquier otro agente y podemos ofrecer a nuestros clientes un servicio verdaderamente independiente, totalmente alineado en t\u00e9rminos de intereses, flexible y totalmente transparente.<\/p>\n\n\n\n&nbsp;\n\n\n\n<p>Proximidad: Estamos orgullosos de estar cerca de nuestros clientes. S\u00f3lo a trav\u00e9s de un intercambio continuo y un entendimiento mutuo podemos evaluar sus necesidades y objetivos y ofrecerles soluciones a medida que se ajusten perfectamente a sus necesidades.<\/p>\n\n\n\n&nbsp;\n\n\n\n<p>Calidad y eficiencia: Hemos seleccionado los mejores socios, nuestro equipo est\u00e1 continuamente capacitado y tiene una amplia experiencia para poder ofrecer los servicios m\u00e1s eficientes y de calidad.<\/p>\n\n\n\n&nbsp;\n\n\n\n<p>Confidencialidad y Discreci\u00f3n: En APW todas y cada una de las relaciones con los clientes est\u00e1n sujetas a una absoluta discreci\u00f3n y confidencialidad.<\/p>\n\n\n\n&nbsp;\n\n\n\n<h2>\u00bfQui\u00e9nes somos?<\/h2>\n\n\n\n&nbsp;\n\n\n\n<p>APW pertenece al grupo bancario familiar Andbank. Nuestros accionistas han proporcionado servicios bancarios durante m\u00e1s de 80 a\u00f1os a varias generaciones de familias. Los valores y logros constantes de nuestros accionistas a lo largo del tiempo, as\u00ed como su esp\u00edritu familiar y su sentido del deber y la \u00e9tica, se han transferido al equipo de APW y son una inspiraci\u00f3n para llevar a cabo nuestra misi\u00f3n.<\/p>\n","protected":false},"excerpt":{"rendered":"<p>Nuestra misi\u00f3n &nbsp; APW es un asesor financiero global independiente cuya \u00fanica actividad es la gesti\u00f3n patrimonial de clientes uruguayos e internacionales. &nbsp; La confianza de nuestros clientes se ha ido adquiriendo con el tiempo y se ha ganado sobre la base de una entrega constante de los mejores resultados. Nos esforzamos por seguir ofreciendo [&hellip;]<\/p>\n","protected":false},"author":2,"featured_media":3390,"parent":0,"menu_order":0,"comment_status":"closed","ping_status":"closed","template":"","meta":{"_acf_changed":false,"footnotes":""},"class_list":["post-3336","page","type-page","status-publish","has-post-thumbnail","hentry"],"acf":[],"_links":{"self":[{"href":"https:\/\/www.apwuruguay.com\/es\/wp-json\/wp\/v2\/pages\/3336"}],"collection":[{"href":"https:\/\/www.apwuruguay.com\/es\/wp-json\/wp\/v2\/pages"}],"about":[{"href":"https:\/\/www.apwuruguay.com\/es\/wp-json\/wp\/v2\/types\/page"}],"author":[{"embeddable":true,"href":"https:\/\/www.apwuruguay.com\/es\/wp-json\/wp\/v2\/users\/2"}],"replies":[{"embeddable":true,"href":"https:\/\/www.apwuruguay.com\/es\/wp-json\/wp\/v2\/comments?post=3336"}],"version-history":[{"count":9,"href":"https:\/\/www.apwuruguay.com\/es\/wp-json\/wp\/v2\/pages\/3336\/revisions"}],"predecessor-version":[{"id":3452,"href":"https:\/\/www.apwuruguay.com\/es\/wp-json\/wp\/v2\/pages\/3336\/revisions\/3452"}],"wp:featuredmedia":[{"embeddable":true,"href":"https:\/\/www.apwuruguay.com\/es\/wp-json\/wp\/v2\/media\/3390"}],"wp:attachment":[{"href":"https:\/\/www.apwuruguay.com\/es\/wp-json\/wp\/v2\/media?parent=3336"}],"curies":[{"name":"wp","href":"https:\/\/api.w.org\/{rel}","templated":true}]}}