{"id":3343,"date":"2020-11-26T06:20:21","date_gmt":"2020-11-26T09:20:21","guid":{"rendered":"http:\/\/apw-uruguay.softmare.com\/?page_id=3343"},"modified":"2021-01-27T05:43:50","modified_gmt":"2021-01-27T08:43:50","slug":"nuestro-equipo","status":"publish","type":"page","link":"https:\/\/www.apwuruguay.com\/es\/nuestro-equipo\/","title":{"rendered":"NUESTRO EQUIPO"},"content":{"rendered":"\n<h2>Acerca de nuestro equipo<\/h2>\n\n\n\n&nbsp;\n\n\n\n<p>Nuestros gestores tienen una s\u00f3lida formaci\u00f3n acad\u00e9mica y profesional en la banca privada y han logrado un gran reconocimiento.<\/p>\n\n\n\n&nbsp;\n\n\n\n<p>Nuestros accionistas han proporcionado servicios bancarios durante m\u00e1s de 80 a\u00f1os a trav\u00e9s de varias generaciones de familias adineradas, logrando una alineaci\u00f3n perfecta de intereses y ayud\u00e1ndoles a preservar la riqueza en los a\u00f1os venideros.<\/p>\n\n\n\n&nbsp;\n\n\n\n<p>Los gestores de APW deben tener una vasta experiencia t\u00e9cnica, pero sus cualidades humanas son igual de importantes. Nos enorgullecemos de tener d\u00e9cadas de experiencia como banqueros de inversi\u00f3n privados e independientes.<\/p>\n","protected":false},"excerpt":{"rendered":"<p>Acerca de nuestro equipo &nbsp; Nuestros gestores tienen una s\u00f3lida formaci\u00f3n acad\u00e9mica y profesional en la banca privada y han logrado un gran reconocimiento. &nbsp; Nuestros accionistas han proporcionado servicios bancarios durante m\u00e1s de 80 a\u00f1os a trav\u00e9s de varias generaciones de familias adineradas, logrando una alineaci\u00f3n perfecta de intereses y ayud\u00e1ndoles a preservar la [&hellip;]<\/p>\n","protected":false},"author":2,"featured_media":3386,"parent":0,"menu_order":0,"comment_status":"closed","ping_status":"closed","template":"","meta":{"_acf_changed":false,"footnotes":""},"class_list":["post-3343","page","type-page","status-publish","has-post-thumbnail","hentry"],"acf":[],"_links":{"self":[{"href":"https:\/\/www.apwuruguay.com\/es\/wp-json\/wp\/v2\/pages\/3343"}],"collection":[{"href":"https:\/\/www.apwuruguay.com\/es\/wp-json\/wp\/v2\/pages"}],"about":[{"href":"https:\/\/www.apwuruguay.com\/es\/wp-json\/wp\/v2\/types\/page"}],"author":[{"embeddable":true,"href":"https:\/\/www.apwuruguay.com\/es\/wp-json\/wp\/v2\/users\/2"}],"replies":[{"embeddable":true,"href":"https:\/\/www.apwuruguay.com\/es\/wp-json\/wp\/v2\/comments?post=3343"}],"version-history":[{"count":3,"href":"https:\/\/www.apwuruguay.com\/es\/wp-json\/wp\/v2\/pages\/3343\/revisions"}],"predecessor-version":[{"id":3453,"href":"https:\/\/www.apwuruguay.com\/es\/wp-json\/wp\/v2\/pages\/3343\/revisions\/3453"}],"wp:featuredmedia":[{"embeddable":true,"href":"https:\/\/www.apwuruguay.com\/es\/wp-json\/wp\/v2\/media\/3386"}],"wp:attachment":[{"href":"https:\/\/www.apwuruguay.com\/es\/wp-json\/wp\/v2\/media?parent=3343"}],"curies":[{"name":"wp","href":"https:\/\/api.w.org\/{rel}","templated":true}]}}