{"id":3349,"date":"2020-11-26T06:31:16","date_gmt":"2020-11-26T09:31:16","guid":{"rendered":"http:\/\/apw-uruguay.softmare.com\/?page_id=3349"},"modified":"2021-01-26T08:28:40","modified_gmt":"2021-01-26T11:28:40","slug":"aviso-legal","status":"publish","type":"page","link":"https:\/\/www.apwuruguay.com\/es\/aviso-legal\/","title":{"rendered":"Aviso legal"},"content":{"rendered":"\n&nbsp;\n\n\n\n<p>La informaci\u00f3n contenida en la p\u00e1gina web de APW tiene como objetivo dar a conocer a las personas que acceden a ella nuestros productos y servicios y a establecer canales informativos de comunicaci\u00f3n directa con el p\u00fablico en general, y con los clientes, en particular, a trav\u00e9s del correo electr\u00f3nico.<\/p>\n\n\n\n&nbsp;\n\n\n\n<p>La documentaci\u00f3n y el dise\u00f1o gr\u00e1fico es propiedad de APW. Por lo tanto, queda prohibida la reproducci\u00f3n, copia, distribuci\u00f3n o cualquier otro acto de manipulaci\u00f3n de esta documentaci\u00f3n, sin autorizaci\u00f3n expresa de APW. Por el uso indebido, APW podr\u00e1 ejercitar cuantas acciones -judiciales o extrajudiciales- tenga por conveniente.<\/p>\n\n\n\n&nbsp;\n\n\n\n<p>El acceso a la p\u00e1gina web de APW y el uso de la informaci\u00f3n contenida en ella es responsabilidad exclusiva de quien accede. En ning\u00fan caso la informaci\u00f3n contenida en la citada web se puede entender como recomendaci\u00f3n, asesoramiento u oferta de contrataci\u00f3n, de forma que APW no ser\u00e1 responsable de ning\u00fan da\u00f1o o perjuicio que pudiera derivarse de dicho acceso o uso de la informaci\u00f3n. APW no garantiza que la informaci\u00f3n, los textos, los gr\u00e1ficos, los v\u00ednculos o el contenido de todos los art\u00edculos que figuran en la web de APW sean exactos o completos.<\/p>\n\n\n\n&nbsp;\n\n\n\n<p>APW se reserva el derecho de modificar, suspender, cancelar o restringir el contenido de la web o los v\u00ednculos sin necesidad de preaviso.<\/p>\n\n\n\n&nbsp;\n\n\n\n<p>APW no adquiere ning\u00fan compromiso de la actualizaci\u00f3n de la informaci\u00f3n contenida en la web de APW, ni asume ninguna responsabilidad sobre los contenidos y servicios comerciales o de otra \u00edndole que las otras webs con las que se pueda enlazar electr\u00f3nicamente, de forma directa o indirecta desde las webs de APW.<\/p>\n\n\n\n&nbsp;\n\n\n\n<p>APW declina toda responsabilidad por el acceso de personas desde jurisdicciones en las que, por el motivo que sea, est\u00e9 prohibida la publicaci\u00f3n o disposici\u00f3n de la web de APW y, si cabe, podr\u00e1 restringir o rehusar el acceso.<\/p>\n\n\n\n&nbsp;\n\n\n\n<h2>Protecci\u00f3n de datos<\/h2>\n\n\n\n&nbsp;\n\n\n\n<p>En cumplimiento de la ley cualificada 15\/2003, del 18 de diciembre, de protecci\u00f3n de datos personales, el cliente autoriza expresamente que los datos de car\u00e1cter personal facilitados a APW sean tratados de manera automatizada y sean incorporados a los ficheros de la entidad, con la finalidad de que se cumplan las relaciones contractuales y otras relaciones jur\u00eddicas que nos una.<\/p>\n\n\n\n&nbsp;\n\n\n\n<p>Asimismo, el cliente consiente que APW pueda utilizar estos datos tambi\u00e9n para las siguientes finalidades:<\/p>\n\n\n\n&nbsp;\n\n\n\n<p>Remitirle informaci\u00f3n relativa a la oferta, promoci\u00f3n y contrataci\u00f3n de sus productos u otra informaci\u00f3n que considere pueda resultarle de inter\u00e9s.<\/p>\n\n\n\n&nbsp;\n\n\n\n<p>Elaborar perfiles, analizar nuevas propuestas y valorar riesgos.<\/p>\n\n\n\n&nbsp;\n\n\n\n<p>Cederlos, con las finalidades expresadas en el punto primero, a otras sociedades del grupo, a sociedades participadas por \u00e9stas y\/o vinculadas y a otras sociedades con las que APW llegue a acuerdos de colaboraci\u00f3n comercial.<\/p>\n\n\n\n&nbsp;\n\n\n\n<p>A menos que el cliente indique lo contrario, APW considerar\u00e1 que aqu\u00e9l da su consentimiento para la utilizaci\u00f3n de sus datos personales con las finalidades anteriormente mencionadas. En todo momento, puede oponerse a la utilizaci\u00f3n de sus datos con el \u00fanico requisito de comunicarlo al APW.<\/p>\n","protected":false},"excerpt":{"rendered":"<p>&nbsp; La informaci\u00f3n contenida en la p\u00e1gina web de APW tiene como objetivo dar a conocer a las personas que acceden a ella nuestros productos y servicios y a establecer canales informativos de comunicaci\u00f3n directa con el p\u00fablico en general, y con los clientes, en particular, a trav\u00e9s del correo electr\u00f3nico. &nbsp; La documentaci\u00f3n y [&hellip;]<\/p>\n","protected":false},"author":2,"featured_media":3063,"parent":0,"menu_order":0,"comment_status":"closed","ping_status":"closed","template":"template-info-detail.php","meta":{"_acf_changed":false,"footnotes":""},"class_list":["post-3349","page","type-page","status-publish","has-post-thumbnail","hentry"],"acf":[],"_links":{"self":[{"href":"https:\/\/www.apwuruguay.com\/es\/wp-json\/wp\/v2\/pages\/3349"}],"collection":[{"href":"https:\/\/www.apwuruguay.com\/es\/wp-json\/wp\/v2\/pages"}],"about":[{"href":"https:\/\/www.apwuruguay.com\/es\/wp-json\/wp\/v2\/types\/page"}],"author":[{"embeddable":true,"href":"https:\/\/www.apwuruguay.com\/es\/wp-json\/wp\/v2\/users\/2"}],"replies":[{"embeddable":true,"href":"https:\/\/www.apwuruguay.com\/es\/wp-json\/wp\/v2\/comments?post=3349"}],"version-history":[{"count":3,"href":"https:\/\/www.apwuruguay.com\/es\/wp-json\/wp\/v2\/pages\/3349\/revisions"}],"predecessor-version":[{"id":3427,"href":"https:\/\/www.apwuruguay.com\/es\/wp-json\/wp\/v2\/pages\/3349\/revisions\/3427"}],"wp:featuredmedia":[{"embeddable":true,"href":"https:\/\/www.apwuruguay.com\/es\/wp-json\/wp\/v2\/media\/3063"}],"wp:attachment":[{"href":"https:\/\/www.apwuruguay.com\/es\/wp-json\/wp\/v2\/media?parent=3349"}],"curies":[{"name":"wp","href":"https:\/\/api.w.org\/{rel}","templated":true}]}}