{"id":3363,"date":"2020-12-07T07:28:20","date_gmt":"2020-12-07T10:28:20","guid":{"rendered":"http:\/\/apw-uruguay.softmare.com\/contacto-2\/"},"modified":"2021-02-08T17:01:02","modified_gmt":"2021-02-08T20:01:02","slug":"contacto","status":"publish","type":"page","link":"https:\/\/www.apwuruguay.com\/es\/contacto\/","title":{"rendered":"Contacto"},"content":{"rendered":"\n<p class=\"has-text-align-center\"><strong>ANDBANK<br><\/strong>Dr. Luis Bonavita 1294 Of. 1402 WTC Free Zone<br>11300 Montevideo<\/p>\n","protected":false},"excerpt":{"rendered":"<p>En APW le ofrecemos nuestros canales de comunicaci\u00f3n para ayudar a aclarar cualquier duda. Si necesita hacer una consulta, puede ponerse en contacto con nosotros por tel\u00e9fono, correo electr\u00f3nico o formulario de contacto.<\/p>\n","protected":false},"author":2,"featured_media":3059,"parent":0,"menu_order":62,"comment_status":"closed","ping_status":"closed","template":"template-contact.php","meta":{"_acf_changed":false,"footnotes":""},"class_list":["post-3363","page","type-page","status-publish","has-post-thumbnail","hentry"],"acf":[],"_links":{"self":[{"href":"https:\/\/www.apwuruguay.com\/es\/wp-json\/wp\/v2\/pages\/3363"}],"collection":[{"href":"https:\/\/www.apwuruguay.com\/es\/wp-json\/wp\/v2\/pages"}],"about":[{"href":"https:\/\/www.apwuruguay.com\/es\/wp-json\/wp\/v2\/types\/page"}],"author":[{"embeddable":true,"href":"https:\/\/www.apwuruguay.com\/es\/wp-json\/wp\/v2\/users\/2"}],"replies":[{"embeddable":true,"href":"https:\/\/www.apwuruguay.com\/es\/wp-json\/wp\/v2\/comments?post=3363"}],"version-history":[{"count":16,"href":"https:\/\/www.apwuruguay.com\/es\/wp-json\/wp\/v2\/pages\/3363\/revisions"}],"predecessor-version":[{"id":3475,"href":"https:\/\/www.apwuruguay.com\/es\/wp-json\/wp\/v2\/pages\/3363\/revisions\/3475"}],"wp:featuredmedia":[{"embeddable":true,"href":"https:\/\/www.apwuruguay.com\/es\/wp-json\/wp\/v2\/media\/3059"}],"wp:attachment":[{"href":"https:\/\/www.apwuruguay.com\/es\/wp-json\/wp\/v2\/media?parent=3363"}],"curies":[{"name":"wp","href":"https:\/\/api.w.org\/{rel}","templated":true}]}}